{"id":6112,"date":"2022-06-20T10:45:26","date_gmt":"2022-06-20T15:45:26","guid":{"rendered":"http:\/\/hanway-ins.two.zysites.com\/about-us\/"},"modified":"2023-02-24T17:20:06","modified_gmt":"2023-02-24T23:20:06","slug":"about-us","status":"publish","type":"page","link":"https:\/\/www.hanwayinsurance.com\/es\/about-us\/","title":{"rendered":"Sobre nosotras"},"content":{"rendered":"<h1>Seguro de autom\u00f3vil de Hanway: lo tenemos cubierto<\/h1>\n<p>Hanway Auto Insurance es l\u00edder en la industria de seguros de autom\u00f3viles y ofrece soluciones especializadas a precios asequibles. Nuestro objetivo es resolver problemas que conduzcan a una situaci\u00f3n beneficiosa para todos nuestros clientes.<\/p>\n<h2>Nuestra historia &amp; Prop\u00f3sito<\/h2>\n<p>Hanway Insurance es una agencia de seguros de Illinois que se especializa en brindar seguros de bajo costo a miles de residentes y empresas de Illinois. En Hanway Insurance, estamos dedicados a superar las expectativas al continuar exponiendo nuestro compromiso de brindar un servicio excelente y tarifas asequibles. Creemos que comprar un seguro debe ser r\u00e1pido, f\u00e1cil y sin complicaciones; Es por eso que nuestra misi\u00f3n es simplificar los seguros al proporcionar p\u00f3lizas personalizadas y f\u00e1ciles de entender que se ajusten mejor a las necesidades y presupuestos de nuestros clientes. Como agente de seguros independiente, Hanway Insurance tiene la capacidad \u00fanica de buscar el mejor precio y opciones de m\u00e1s de 20 compa\u00f1\u00edas de seguros diferentes. Hanway Insurance se esfuerza por encontrar el precio m\u00e1s bajo posible disponible en el mercado en funci\u00f3n de la situaci\u00f3n \u00fanica de cada conductor<\/p>\n","protected":false},"excerpt":{"rendered":"<p>Seguro de autom\u00f3vil de Hanway: lo tenemos cubierto Hanway Auto Insurance es l\u00edder en la industria de seguros de autom\u00f3viles y ofrece soluciones especializadas a precios asequibles. Nuestro objetivo es resolver problemas que conduzcan a una situaci\u00f3n beneficiosa para todos nuestros clientes. Nuestra historia &amp; Prop\u00f3sito Hanway Insurance es una agencia de seguros de Illinois [&hellip;]<\/p>\n","protected":false},"author":4,"featured_media":0,"parent":0,"menu_order":0,"comment_status":"closed","ping_status":"closed","template":"","meta":{"_acf_changed":false,"_seopress_robots_primary_cat":null,"_seopress_titles_title":"","_seopress_titles_desc":"","_seopress_robots_index":"","_analytify_skip_tracking":false,"footnotes":""},"class_list":["post-6112","page","type-page","status-publish","hentry"],"acf":[],"_links":{"self":[{"href":"https:\/\/www.hanwayinsurance.com\/es\/wp-json\/wp\/v2\/pages\/6112","targetHints":{"allow":["GET"]}}],"collection":[{"href":"https:\/\/www.hanwayinsurance.com\/es\/wp-json\/wp\/v2\/pages"}],"about":[{"href":"https:\/\/www.hanwayinsurance.com\/es\/wp-json\/wp\/v2\/types\/page"}],"author":[{"embeddable":true,"href":"https:\/\/www.hanwayinsurance.com\/es\/wp-json\/wp\/v2\/users\/4"}],"replies":[{"embeddable":true,"href":"https:\/\/www.hanwayinsurance.com\/es\/wp-json\/wp\/v2\/comments?post=6112"}],"version-history":[{"count":0,"href":"https:\/\/www.hanwayinsurance.com\/es\/wp-json\/wp\/v2\/pages\/6112\/revisions"}],"wp:attachment":[{"href":"https:\/\/www.hanwayinsurance.com\/es\/wp-json\/wp\/v2\/media?parent=6112"}],"curies":[{"name":"wp","href":"https:\/\/api.w.org\/{rel}","templated":true}]}}