{"id":7765,"date":"2025-05-30T13:00:59","date_gmt":"2025-05-30T18:00:59","guid":{"rendered":"https:\/\/www.hanwayinsurance.com\/illinois-insurance-verification-system-ilivs\/"},"modified":"2025-05-30T13:03:17","modified_gmt":"2025-05-30T18:03:17","slug":"illinois-insurance-verification-system-ilivs","status":"publish","type":"page","link":"https:\/\/www.hanwayinsurance.com\/es\/illinois-insurance-verification-system-ilivs\/","title":{"rendered":"Sistema de verificaci\u00f3n de seguros de Illinois (ILIVS)"},"content":{"rendered":"<p>Seg\u00fan la ley de Illinois, todos los veh\u00edculos registrados deben tener un seguro de responsabilidad civil. <strong>El sistema ILIVS<\/strong>, administrado por la Secretar\u00eda de Estado, verifica electr\u00f3nicamente la cobertura dos veces al a\u00f1o.<\/p>\n<p><strong>\ud83d\udcec \u00bfRecibi\u00f3 una carta del estado?<\/strong><\/p>\n<p><strong>\u201cAcci\u00f3n requerida: Solicitud de verificaci\u00f3n de seguro\u201d<\/strong><\/p>\n<p><strong>No vaya al DMV<\/strong>; ll\u00e1menos al <a href=\"tel:7088746000\">708-874-6000<\/a> y nos encargamos de todo.<\/p>\n<p><strong>Si estaba asegurado con nosotros:<\/strong><\/p>\n<ul>\n<li>Lo verificaremos al instante a trav\u00e9s de nuestro sistema electr\u00f3nico.<\/li>\n<li>Le enviaremos sus documentos de identidad actualizados y la confirmaci\u00f3n.<\/li>\n<\/ul>\n<p><strong>Si no estaba asegurado en la fecha en cuesti\u00f3n:<\/strong><\/p>\n<ul>\n<li>Le daremos un presupuesto gratuito<\/li>\n<li>Le proporcionaremos un seguro al instante<\/li>\n<li>Completaremos la verificaci\u00f3n<\/li>\n<li>Enviaremos su documento de identidad y comprobante de cobertura por correo electr\u00f3nico<\/li>\n<\/ul>\n<p><strong>\ud83d\udcb5 Recordatorio:<\/strong><br \/>\nDespu\u00e9s de verificar la cobertura, inicie sesi\u00f3n en <a href=\"https:\/\/ilivs.com\">ILIVS.com<\/a> para pagar la tarifa de <strong>restablecimiento de $100<\/strong> y eliminar la suspensi\u00f3n.<\/p>\n<p><strong>El incumplimiento puede resultar en:<\/strong><\/p>\n<ul>\n<li>Multa m\u00ednima de $500 por conducir sin seguro<\/li>\n<li>Multa de $1000 si se le descubre conduciendo con las placas suspendidas<\/li>\n<li>Suspensi\u00f3n de la placa de 4 meses para reincidentes<\/li>\n<\/ul>\n","protected":false},"excerpt":{"rendered":"<p>Seg\u00fan la ley de Illinois, todos los veh\u00edculos registrados deben tener un seguro de responsabilidad civil. El sistema ILIVS, administrado por la Secretar\u00eda de Estado, verifica electr\u00f3nicamente la cobertura dos veces al a\u00f1o. \ud83d\udcec \u00bfRecibi\u00f3 una carta del estado? \u201cAcci\u00f3n requerida: Solicitud de verificaci\u00f3n de seguro\u201d No vaya al DMV; ll\u00e1menos al 708-874-6000 y nos [&hellip;]<\/p>\n","protected":false},"author":14,"featured_media":0,"parent":0,"menu_order":0,"comment_status":"closed","ping_status":"closed","template":"","meta":{"_acf_changed":false,"_seopress_robots_primary_cat":"","_seopress_titles_title":"","_seopress_titles_desc":"","_seopress_robots_index":"","_analytify_skip_tracking":false,"footnotes":""},"class_list":["post-7765","page","type-page","status-publish","hentry"],"acf":[],"_links":{"self":[{"href":"https:\/\/www.hanwayinsurance.com\/es\/wp-json\/wp\/v2\/pages\/7765","targetHints":{"allow":["GET"]}}],"collection":[{"href":"https:\/\/www.hanwayinsurance.com\/es\/wp-json\/wp\/v2\/pages"}],"about":[{"href":"https:\/\/www.hanwayinsurance.com\/es\/wp-json\/wp\/v2\/types\/page"}],"author":[{"embeddable":true,"href":"https:\/\/www.hanwayinsurance.com\/es\/wp-json\/wp\/v2\/users\/14"}],"replies":[{"embeddable":true,"href":"https:\/\/www.hanwayinsurance.com\/es\/wp-json\/wp\/v2\/comments?post=7765"}],"version-history":[{"count":0,"href":"https:\/\/www.hanwayinsurance.com\/es\/wp-json\/wp\/v2\/pages\/7765\/revisions"}],"wp:attachment":[{"href":"https:\/\/www.hanwayinsurance.com\/es\/wp-json\/wp\/v2\/media?parent=7765"}],"curies":[{"name":"wp","href":"https:\/\/api.w.org\/{rel}","templated":true}]}}